{"id":1966,"date":"2024-10-02T14:45:24","date_gmt":"2024-10-02T19:45:24","guid":{"rendered":"https:\/\/fantasiaspaymasajes.cl\/?page_id=1966"},"modified":"2024-12-09T16:09:33","modified_gmt":"2024-12-09T19:09:33","slug":"nosotros","status":"publish","type":"page","link":"https:\/\/fantasiaspaymasajes.cl\/en\/nosotros\/","title":{"rendered":"Nosotros"},"content":{"rendered":"<div data-elementor-type=\"wp-page\" data-elementor-id=\"1966\" class=\"elementor elementor-1966\">\n\t\t\t\t<div class=\"elementor-element elementor-element-edfb01a e-flex e-con-boxed wpr-particle-no wpr-jarallax-no wpr-parallax-no wpr-sticky-section-no wpr-equal-height-no e-con e-parent\" data-id=\"edfb01a\" data-element_type=\"container\" data-e-type=\"container\">\n\t\t\t\t\t<div class=\"e-con-inner\">\n\t\t\t\t<div class=\"elementor-element elementor-element-bc04dee elementor-widget elementor-widget-text-editor\" data-id=\"bc04dee\" data-element_type=\"widget\" data-e-type=\"widget\" data-widget_type=\"text-editor.default\">\n\t\t\t\t<div class=\"elementor-widget-container\">\n\t\t\t\t\t\t\t\t\t<p><b>Us<\/b><\/p>\t\t\t\t\t\t\t\t<\/div>\n\t\t\t\t<\/div>\n\t\t\t\t<div class=\"elementor-element elementor-element-6462a60 elementor-widget elementor-widget-heading\" data-id=\"6462a60\" data-element_type=\"widget\" data-e-type=\"widget\" data-widget_type=\"heading.default\">\n\t\t\t\t<div class=\"elementor-widget-container\">\n\t\t\t\t\t<h1 class=\"elementor-heading-title elementor-size-default\">Our Gentlemen's Spa in Providencia<\/h1>\t\t\t\t<\/div>\n\t\t\t\t<\/div>\n\t\t\t\t\t<\/div>\n\t\t\t\t<\/div>\n\t\t<div class=\"elementor-element elementor-element-37fbfe0 e-flex e-con-boxed wpr-particle-no wpr-jarallax-no wpr-parallax-no wpr-sticky-section-no wpr-equal-height-no e-con e-parent\" data-id=\"37fbfe0\" data-element_type=\"container\" data-e-type=\"container\">\n\t\t\t\t\t<div class=\"e-con-inner\">\n\t\t<div class=\"elementor-element elementor-element-531b6f6 e-con-full e-flex wpr-particle-no wpr-jarallax-no wpr-parallax-no wpr-sticky-section-no wpr-equal-height-no e-con e-child\" data-id=\"531b6f6\" data-element_type=\"container\" data-e-type=\"container\">\n\t\t\t\t<div class=\"elementor-element elementor-element-b0efc38 elementor-widget elementor-widget-text-editor\" data-id=\"b0efc38\" data-element_type=\"widget\" data-e-type=\"widget\" data-widget_type=\"text-editor.default\">\n\t\t\t\t<div class=\"elementor-widget-container\">\n\t\t\t\t\t\t\t\t\t<p><b>Fantasy SPA<\/b><span style=\"font-weight: 400;\"> is the perfect place to take pleasure to another level, through a sensual, relaxing and\/or descontracturante massage, full of eroticism and complicity that will provide you with a unique and incomparable experience.<\/span><\/p>\n<p><span style=\"font-weight: 400;\">Skin to skin contact is fundamental for communication, soft touches, delicate caresses can communicate very intense sensations, we feel connected and it is exciting when we experience that desire and desire to deliver pleasure through massage.<\/span><\/p>\n<p><span style=\"font-weight: 400;\">For this reason the erotic massages we offer at Fantasia SPA are so effective, pleasurable, surprising and intense. Our massage will help you to create a great general well-being, helps the body to eliminate stress, to relax the muscles, always experiencing great pleasure, in a cozy environment, enjoying the sensuality and eroticism of our beautiful masseuses.<\/span><\/p>\n<p><span style=\"font-weight: 400;\">We have a wide variety of massages for all tastes and needs, performed by expert and professional masseuses in the art of relaxation and sensuality, who will work your whole body without exceptions.<\/span><\/p>\t\t\t\t\t\t\t\t<\/div>\n\t\t\t\t<\/div>\n\t\t\t\t<\/div>\n\t\t<div class=\"elementor-element elementor-element-e78754e e-con-full e-flex wpr-particle-no wpr-jarallax-no wpr-parallax-no wpr-sticky-section-no wpr-equal-height-no e-con e-child\" data-id=\"e78754e\" data-element_type=\"container\" data-e-type=\"container\">\n\t\t\t\t<div class=\"elementor-element elementor-element-0953ffb elementor-widget elementor-widget-image\" data-id=\"0953ffb\" data-element_type=\"widget\" data-e-type=\"widget\" data-widget_type=\"image.default\">\n\t\t\t\t<div class=\"elementor-widget-container\">\n\t\t\t\t\t\t\t\t\t\t\t\t\t\t\t<img fetchpriority=\"high\" decoding=\"async\" width=\"630\" height=\"593\" src=\"https:\/\/fantasiaspaymasajes.cl\/wp-content\/uploads\/2024\/10\/fustas.png\" class=\"attachment-large size-large wp-image-2506\" alt=\"\" srcset=\"https:\/\/fantasiaspaymasajes.cl\/wp-content\/uploads\/2024\/10\/fustas.png 630w, https:\/\/fantasiaspaymasajes.cl\/wp-content\/uploads\/2024\/10\/fustas-300x282.png 300w, https:\/\/fantasiaspaymasajes.cl\/wp-content\/uploads\/2024\/10\/fustas-600x565.png 600w\" sizes=\"(max-width: 630px) 100vw, 630px\" \/>\t\t\t\t\t\t\t\t\t\t\t\t\t\t\t<\/div>\n\t\t\t\t<\/div>\n\t\t\t\t<\/div>\n\t\t\t\t\t<\/div>\n\t\t\t\t<\/div>\n\t\t\t\t<\/div>","protected":false},"excerpt":{"rendered":"<p>NOSOTROS Nuestro Spa para Caballeros en Providencia Fantas\u00eda SPA es el lugar perfecto para llevar el placer a otro a otro nivel, a trav\u00e9s de un masaje sensual, relajante y\/o descontracturante, cargado de erotismo y complicidad que te proporcionar\u00e1 una experiencia \u00fanica e inigualable. El contacto piel con piel es fundamental para la comunicaci\u00f3n, suaves roces, delicadas caricias pueden comunicar sensaciones muy intensas, nos sentimos conectados y es excitante cuando experimentamos ese deseo y ganas de entregar placer a trav\u00e9s del masaje. Por esta raz\u00f3n los masajes er\u00f3ticos que ofrecemos en Fantas\u00eda SPA son tan eficaces, placenteros, sorprendentes e intensos. Nuestro masaje te ayudar\u00e1 a crear un gran bienestar general, ayuda al cuerpo a eliminar el estr\u00e9s, a relajar la musculatura, todo ello experimentando siempre un gran placer, en un entorno acogedor, disfrutando de la sensualidad y el erotismo de nuestras hermosas Masajistas. Disponemos de una amplia variedad de Masajes para todos los gustos y necesidades, realizados por Masajistas expertas y profesionales en el arte de la relajaci\u00f3n y la sensualidad, quienes trabajar\u00e1n todo tu cuerpo sin excepciones.<\/p>","protected":false},"author":1,"featured_media":0,"parent":0,"menu_order":0,"comment_status":"closed","ping_status":"closed","template":"","meta":{"_uag_custom_page_level_css":"","_monsterinsights_skip_tracking":false,"_monsterinsights_sitenote_active":false,"_monsterinsights_sitenote_note":"","_monsterinsights_sitenote_category":0,"site-sidebar-layout":"no-sidebar","site-content-layout":"page-builder","ast-site-content-layout":"full-width-container","site-content-style":"default","site-sidebar-style":"default","ast-global-header-display":"","ast-banner-title-visibility":"","ast-main-header-display":"","ast-hfb-above-header-display":"","ast-hfb-below-header-display":"","ast-hfb-mobile-header-display":"","site-post-title":"disabled","ast-breadcrumbs-content":"","ast-featured-img":"disabled","footer-sml-layout":"","ast-disable-related-posts":"","theme-transparent-header-meta":"default","adv-header-id-meta":"","stick-header-meta":"","header-above-stick-meta":"","header-main-stick-meta":"","header-below-stick-meta":"","astra-migrate-meta-layouts":"set","ast-page-background-enabled":"default","ast-page-background-meta":{"desktop":{"background-color":"","background-image":"","background-repeat":"repeat","background-position":"center center","background-size":"auto","background-attachment":"scroll","background-type":"","background-media":"","overlay-type":"","overlay-color":"","overlay-opacity":"","overlay-gradient":""},"tablet":{"background-color":"","background-image":"","background-repeat":"repeat","background-position":"center center","background-size":"auto","background-attachment":"scroll","background-type":"","background-media":"","overlay-type":"","overlay-color":"","overlay-opacity":"","overlay-gradient":""},"mobile":{"background-color":"","background-image":"","background-repeat":"repeat","background-position":"center center","background-size":"auto","background-attachment":"scroll","background-type":"","background-media":"","overlay-type":"","overlay-color":"","overlay-opacity":"","overlay-gradient":""}},"ast-content-background-meta":{"desktop":{"background-color":"var(--ast-global-color-5)","background-image":"","background-repeat":"repeat","background-position":"center center","background-size":"auto","background-attachment":"scroll","background-type":"","background-media":"","overlay-type":"","overlay-color":"","overlay-opacity":"","overlay-gradient":""},"tablet":{"background-color":"var(--ast-global-color-5)","background-image":"","background-repeat":"repeat","background-position":"center center","background-size":"auto","background-attachment":"scroll","background-type":"","background-media":"","overlay-type":"","overlay-color":"","overlay-opacity":"","overlay-gradient":""},"mobile":{"background-color":"var(--ast-global-color-5)","background-image":"","background-repeat":"repeat","background-position":"center center","background-size":"auto","background-attachment":"scroll","background-type":"","background-media":"","overlay-type":"","overlay-color":"","overlay-opacity":"","overlay-gradient":""}},"footnotes":""},"class_list":["post-1966","page","type-page","status-publish","hentry"],"uagb_featured_image_src":{"full":false,"thumbnail":false,"medium":false,"medium_large":false,"large":false,"1536x1536":false,"2048x2048":false,"trp-custom-language-flag":false,"woocommerce_thumbnail":false,"woocommerce_single":false,"woocommerce_gallery_thumbnail":false},"uagb_author_info":{"display_name":"FSM","author_link":"https:\/\/fantasiaspaymasajes.cl\/en\/author\/gb-ms\/"},"uagb_comment_info":0,"uagb_excerpt":"NOSOTROS Nuestro Spa para Caballeros en Providencia Fantas\u00eda SPA es el lugar perfecto para llevar el placer a otro a otro nivel, a trav\u00e9s de un masaje sensual, relajante y\/o descontracturante, cargado de erotismo y complicidad que te proporcionar\u00e1 una experiencia \u00fanica e inigualable. El contacto piel con piel es fundamental para la comunicaci\u00f3n, suaves&hellip;","_links":{"self":[{"href":"https:\/\/fantasiaspaymasajes.cl\/en\/wp-json\/wp\/v2\/pages\/1966","targetHints":{"allow":["GET"]}}],"collection":[{"href":"https:\/\/fantasiaspaymasajes.cl\/en\/wp-json\/wp\/v2\/pages"}],"about":[{"href":"https:\/\/fantasiaspaymasajes.cl\/en\/wp-json\/wp\/v2\/types\/page"}],"author":[{"embeddable":true,"href":"https:\/\/fantasiaspaymasajes.cl\/en\/wp-json\/wp\/v2\/users\/1"}],"replies":[{"embeddable":true,"href":"https:\/\/fantasiaspaymasajes.cl\/en\/wp-json\/wp\/v2\/comments?post=1966"}],"version-history":[{"count":16,"href":"https:\/\/fantasiaspaymasajes.cl\/en\/wp-json\/wp\/v2\/pages\/1966\/revisions"}],"predecessor-version":[{"id":2695,"href":"https:\/\/fantasiaspaymasajes.cl\/en\/wp-json\/wp\/v2\/pages\/1966\/revisions\/2695"}],"wp:attachment":[{"href":"https:\/\/fantasiaspaymasajes.cl\/en\/wp-json\/wp\/v2\/media?parent=1966"}],"curies":[{"name":"wp","href":"https:\/\/api.w.org\/{rel}","templated":true}]}}